{"id":2406,"date":"2024-04-02T10:19:46","date_gmt":"2024-04-02T08:19:46","guid":{"rendered":"https:\/\/boutiquetranslations.com\/privacy-policy\/"},"modified":"2024-07-03T13:06:19","modified_gmt":"2024-07-03T11:06:19","slug":"privacy-policy","status":"publish","type":"page","link":"https:\/\/boutiquetranslations.com\/it\/privacy-policy\/","title":{"rendered":"Privacy Policy"},"content":{"rendered":"<p>[et_pb_section fb_built=&#8221;1&#8243; _builder_version=&#8221;4.24.2&#8243; _module_preset=&#8221;default&#8221; global_colors_info=&#8221;{}&#8221;][et_pb_row _builder_version=&#8221;4.24.2&#8243; _module_preset=&#8221;default&#8221; global_colors_info=&#8221;{}&#8221;][et_pb_column type=&#8221;4_4&#8243; _builder_version=&#8221;4.24.2&#8243; _module_preset=&#8221;default&#8221; global_colors_info=&#8221;{}&#8221;][et_pb_text admin_label=&#8221;Privacy Policy&#8221; _builder_version=&#8221;4.25.1&#8243; _module_preset=&#8221;default&#8221; hover_enabled=&#8221;0&#8243; global_colors_info=&#8221;{}&#8221; sticky_enabled=&#8221;0&#8243;]<\/p>\n<section class=\"elementor-section elementor-top-section elementor-element elementor-element-737b46a elementor-section-boxed elementor-section-height-default elementor-section-height-default\" data-id=\"737b46a\" data-element_type=\"section\">\n<div class=\"elementor-container elementor-column-gap-default\">\n<div class=\"elementor-column elementor-col-100 elementor-top-column elementor-element elementor-element-e650336\" data-id=\"e650336\" data-element_type=\"column\">\n<div class=\"elementor-widget-wrap elementor-element-populated\">\n<div class=\"elementor-element elementor-element-c8a790c elementor-widget elementor-widget-heading\" data-id=\"c8a790c\" data-element_type=\"widget\" data-widget_type=\"heading.default\">\n<div class=\"elementor-widget-container\">\n<h2 style=\"text-align: center;\"><b>Politica sulla privacy<\/b><\/h2>\n<p>&nbsp;<\/p>\n<p>Questa informativa sulla privacy spiegher\u00e0 come la nostra agenzia utilizza i dati personali che raccogliamo da te quando utilizzi il nostro sito web, in particolare attraverso i moduli \u201ccontattaci\u201d o \u201crichiedi un preventivo\u201d. Boutique Translations garantir\u00e0 che tutti i dati gestiti dai nostri uffici siano conformi alla presente Informativa sulla privacy.<\/p>\n<p>&nbsp;<\/p>\n<p><b>NORMATIVA APPLICABILE SULLA PROTEZIONE DEI DATI<\/b><\/p>\n<p>La raccolta, l&#8217;utilizzo e il trattamento dei tuoi dati personali possono essere soggetti a varie leggi sulla privacy, in particolare alla Legge Organica spagnola 3\/2018, del 5 dicembre, sulla protezione dei dati personali e sulla garanzia dei diritti digitali (Ley Org\u00e1nica de Protecci\u00f3n de Datos Personales y garant\u00eda de los derechos digitales [LOPDGDD]) e il Regolamento generale sulla protezione dei dati dell&#8217;UE (GDPR).<\/p>\n<p>&nbsp;<\/p>\n<p><b>I DATI CHE RACCOGLIAMO<\/b><\/p>\n<p>La nostra Azienda raccoglie i seguenti dati:<\/p>\n<p>\u2022 Informazioni di identificazione personale (nome, indirizzo e-mail, numero di telefono, ecc.)<\/p>\n<p>&nbsp;<\/p>\n<p><b>COME RACCOGLIAMO I TUOI DATI<\/b><\/p>\n<p>Fornisci direttamente alla nostra azienda tutti i dati che raccogliamo. Raccogliamo dati ed elaboriamo dati quando:<\/p>\n<p>\u2022 Compila il modulo per contattarci.<\/p>\n<p>\u2022 Compila il modulo per richiedere un preventivo per uno qualsiasi dei nostri prodotti o servizi.<\/p>\n<p>\u2022 Compila il modulo per inviare un CV da considerare come linguista.<\/p>\n<p>\u2022 Utilizzare o visualizzare il nostro sito Web tramite i cookie del browser.<\/p>\n<p>La nostra azienda pu\u00f2 anche ricevere le tue informazioni tramite segnalazioni di clienti e altre terze parti.<\/p>\n<p>&nbsp;<\/p>\n<p><b>COME UTILIZZIAMO I TUOI DATI<\/b><\/p>\n<p>La nostra azienda raccoglie i tuoi dati per poter:<\/p>\n<p>\u2022 Elaborare le vostre richieste e gestire la vostra attivit\u00e0.<\/p>\n<p>\u2022 Inizia il processo di selezione per lavorare con noi come linguista.<\/p>\n<p>\u2022 Inviarti un&#8217;e-mail con offerte speciali su servizi che riteniamo possano interessarti.<\/p>\n<p>&nbsp;<\/p>\n<p><b>TITOLARE DEL TRATTAMENTO<\/b><\/p>\n<p>Boutique Translations \u00e8 una societ\u00e0 a responsabilit\u00e0 limitata ed \u00e8 il titolare del trattamento dei dati personali raccolti e trattati attraverso il sito web Boutique Translations. \u00c8 amministrato da Boutique Translations, la cui denominazione sociale \u00e8 Americana de Traducciones, S.L., CIF B10848380, con sede legale in Carrer Clara Campoamor 1, Bajos 2\u00aa, 08930 Sant Adri\u00e0 de Bes\u00f2s, Barcellona, Spagna.<\/p>\n<p>&nbsp;<\/p>\n<p><b>RESPONSABILI DEL TRATTAMENTO TERZI<\/b><\/p>\n<p>I nostri partner e fornitori di servizi accuratamente selezionati possono elaborare le informazioni personali su di te per nostro conto come descritto di seguito:<\/p>\n<p>\u201cFornitori di servizi di marketing digitale<\/p>\n<p>Nominiamo periodicamente agenti di marketing digitale per condurre attivit\u00e0 di marketing per nostro conto, tale attivit\u00e0 pu\u00f2 comportare il trattamento conforme delle informazioni personali. I nostri responsabili del trattamento nominati includono:<\/p>\n<p>(i) Prospect Global Ltd (operante come Sopro) Reg. n. Co. del Regno Unito 09648733. Puoi contattare Sopro e visualizzare la loro politica sulla privacy qui:\u00a0<a href=\"http:\/\/sopro.io\/\">http:\/\/sopro.io<\/a>. Sopro \u00e8 registrato presso l&#8217;ICO Reg: ZA346877 il responsabile della protezione dei dati pu\u00f2 essere inviato via email a:\u00a0<a href=\"mailto:dpo@sopro.io\">dpo@sopro.io<\/a>.&#8221;<\/p>\n<p>&nbsp;<\/p>\n<p><b>VENDITA DI DATI PERSONALI<\/b><\/p>\n<p>Non vendiamo mai le tue informazioni personali.<\/p>\n<p>&nbsp;<\/p>\n<p><b>I TUOI DIRITTI E I TUOI DATI PERSONALI<\/b><\/p>\n<p>In quanto residente in Europa, i tuoi diritti ai sensi del GDPR includono:<\/p>\n<p>\u00b7\u00a0\u00a0\u00a0\u00a0\u00a0\u00a0\u00a0\u00a0il diritto di richiedere una copia dei tuoi dati personali detenuti da Boutique Translations<\/p>\n<p>\u00b7\u00a0\u00a0\u00a0\u00a0\u00a0\u00a0\u00a0\u00a0il diritto di conoscere le categorie e le finalit\u00e0 dei dati personali che raccogliamo su di te<\/p>\n<p>\u00b7\u00a0\u00a0\u00a0\u00a0\u00a0\u00a0\u00a0\u00a0il diritto di richiedere la rettifica di eventuali dati personali inesatti o non aggiornati<\/p>\n<p>\u00b7\u00a0\u00a0\u00a0\u00a0\u00a0\u00a0\u00a0\u00a0il diritto di richiedere la cancellazione dei tuoi dati personali quando non \u00e8 pi\u00f9 legalmente necessario che Boutique Translations memorizzi tali dati<\/p>\n<p>\u00b7\u00a0\u00a0\u00a0\u00a0\u00a0\u00a0\u00a0\u00a0Il diritto di revocare il consenso al trattamento<\/p>\n<p>\u00b7\u00a0\u00a0\u00a0\u00a0\u00a0\u00a0\u00a0\u00a0Il diritto alla portabilit\u00e0 dei tuoi dati<\/p>\n<p>\u00b7\u00a0 \u00a0 \u00a0 \u00a0\u00a0Il\u00a0diritto alla limitazione dei tuoi dati personali<\/p>\n<p>\u00b7\u00a0 \u00a0 \u00a0 \u00a0\u00a0Il diritto di presentare un reclamo alle agenzie governative o alle autorit\u00e0 di protezione dei dati. In questo caso, i reclami devono essere\u00a0presentati all&#8217;Autorit\u00e0 spagnola per la protezione dei dati (Agencia Espa\u00f1ola de\u00a0Protecci\u00f3n de Datos).<\/p>\n<p>Per esercitare i diritti di rettifica, cancellazione, portabilit\u00e0, accesso e\/o limitazione del trattamento dei dati, inviare un&#8217;e-mail a office@boutiquetranslations.com.<\/p>\n<h2 class=\"elementor-heading-title elementor-size-default\" style=\"text-align: center;\">\u200b<\/h2>\n<\/div>\n<\/div>\n<\/div>\n<\/div>\n<\/div>\n<\/section>\n<p>[\/et_pb_text][\/et_pb_column][\/et_pb_row][\/et_pb_section]<\/p>\n","protected":false},"excerpt":{"rendered":"<p>Politica sulla privacy &nbsp; Questa informativa sulla privacy spiegher\u00e0 come la nostra agenzia utilizza i dati personali che raccogliamo da te quando utilizzi il nostro sito web, in particolare attraverso i moduli \u201ccontattaci\u201d o \u201crichiedi un preventivo\u201d. Boutique Translations garantir\u00e0 che tutti i dati gestiti dai nostri uffici siano conformi alla presente Informativa sulla privacy. [&hellip;]<\/p>\n","protected":false},"author":2,"featured_media":0,"parent":0,"menu_order":0,"comment_status":"closed","ping_status":"closed","template":"","meta":{"_et_pb_use_builder":"on","_et_pb_old_content":"","_et_gb_content_width":"","footnotes":""},"class_list":["post-2406","page","type-page","status-publish","hentry"],"yoast_head":"<!-- This site is optimized with the Yoast SEO plugin v27.5 - https:\/\/yoast.com\/product\/yoast-seo-wordpress\/ -->\n<title>Privacy Policy - Boutique Translations<\/title>\n<meta name=\"robots\" content=\"index, follow, max-snippet:-1, max-image-preview:large, max-video-preview:-1\" \/>\n<link rel=\"canonical\" href=\"https:\/\/boutiquetranslations.com\/it\/privacy-policy\/\" \/>\n<meta property=\"og:locale\" content=\"it_IT\" \/>\n<meta property=\"og:type\" content=\"article\" \/>\n<meta property=\"og:title\" content=\"Privacy Policy - Boutique Translations\" \/>\n<meta property=\"og:description\" content=\"Politica sulla privacy &nbsp; Questa informativa sulla privacy spiegher\u00e0 come la nostra agenzia utilizza i dati personali che raccogliamo da te quando utilizzi il nostro sito web, in particolare attraverso i moduli \u201ccontattaci\u201d o \u201crichiedi un preventivo\u201d. Boutique Translations garantir\u00e0 che tutti i dati gestiti dai nostri uffici siano conformi alla presente Informativa sulla privacy. [&hellip;]\" \/>\n<meta property=\"og:url\" content=\"https:\/\/boutiquetranslations.com\/it\/privacy-policy\/\" \/>\n<meta property=\"og:site_name\" content=\"Boutique Translations\" \/>\n<meta property=\"article:modified_time\" content=\"2024-07-03T11:06:19+00:00\" \/>\n<meta name=\"twitter:card\" content=\"summary_large_image\" \/>\n<meta name=\"twitter:label1\" content=\"Est. reading time\" \/>\n\t<meta name=\"twitter:data1\" content=\"3 minuti\" \/>\n<script type=\"application\/ld+json\" class=\"yoast-schema-graph\">{\"@context\":\"https:\\\/\\\/schema.org\",\"@graph\":[{\"@type\":\"WebPage\",\"@id\":\"https:\\\/\\\/boutiquetranslations.com\\\/it\\\/privacy-policy\\\/\",\"url\":\"https:\\\/\\\/boutiquetranslations.com\\\/it\\\/privacy-policy\\\/\",\"name\":\"Privacy Policy - Boutique Translations\",\"isPartOf\":{\"@id\":\"https:\\\/\\\/boutiquetranslations.com\\\/it\\\/#website\"},\"datePublished\":\"2024-04-02T08:19:46+00:00\",\"dateModified\":\"2024-07-03T11:06:19+00:00\",\"breadcrumb\":{\"@id\":\"https:\\\/\\\/boutiquetranslations.com\\\/it\\\/privacy-policy\\\/#breadcrumb\"},\"inLanguage\":\"it-IT\",\"potentialAction\":[{\"@type\":\"ReadAction\",\"target\":[\"https:\\\/\\\/boutiquetranslations.com\\\/it\\\/privacy-policy\\\/\"]}]},{\"@type\":\"BreadcrumbList\",\"@id\":\"https:\\\/\\\/boutiquetranslations.com\\\/it\\\/privacy-policy\\\/#breadcrumb\",\"itemListElement\":[{\"@type\":\"ListItem\",\"position\":1,\"name\":\"Home\",\"item\":\"https:\\\/\\\/boutiquetranslations.com\\\/it\\\/\"},{\"@type\":\"ListItem\",\"position\":2,\"name\":\"Privacy Policy\"}]},{\"@type\":\"WebSite\",\"@id\":\"https:\\\/\\\/boutiquetranslations.com\\\/it\\\/#website\",\"url\":\"https:\\\/\\\/boutiquetranslations.com\\\/it\\\/\",\"name\":\"Boutique Translations\",\"description\":\"Translation Project Management\",\"potentialAction\":[{\"@type\":\"SearchAction\",\"target\":{\"@type\":\"EntryPoint\",\"urlTemplate\":\"https:\\\/\\\/boutiquetranslations.com\\\/it\\\/?s={search_term_string}\"},\"query-input\":{\"@type\":\"PropertyValueSpecification\",\"valueRequired\":true,\"valueName\":\"search_term_string\"}}],\"inLanguage\":\"it-IT\"}]}<\/script>\n<!-- \/ Yoast SEO plugin. -->","yoast_head_json":{"title":"Privacy Policy - Boutique Translations","robots":{"index":"index","follow":"follow","max-snippet":"max-snippet:-1","max-image-preview":"max-image-preview:large","max-video-preview":"max-video-preview:-1"},"canonical":"https:\/\/boutiquetranslations.com\/it\/privacy-policy\/","og_locale":"it_IT","og_type":"article","og_title":"Privacy Policy - Boutique Translations","og_description":"Politica sulla privacy &nbsp; Questa informativa sulla privacy spiegher\u00e0 come la nostra agenzia utilizza i dati personali che raccogliamo da te quando utilizzi il nostro sito web, in particolare attraverso i moduli \u201ccontattaci\u201d o \u201crichiedi un preventivo\u201d. Boutique Translations garantir\u00e0 che tutti i dati gestiti dai nostri uffici siano conformi alla presente Informativa sulla privacy. [&hellip;]","og_url":"https:\/\/boutiquetranslations.com\/it\/privacy-policy\/","og_site_name":"Boutique Translations","article_modified_time":"2024-07-03T11:06:19+00:00","twitter_card":"summary_large_image","twitter_misc":{"Est. reading time":"3 minuti"},"schema":{"@context":"https:\/\/schema.org","@graph":[{"@type":"WebPage","@id":"https:\/\/boutiquetranslations.com\/it\/privacy-policy\/","url":"https:\/\/boutiquetranslations.com\/it\/privacy-policy\/","name":"Privacy Policy - Boutique Translations","isPartOf":{"@id":"https:\/\/boutiquetranslations.com\/it\/#website"},"datePublished":"2024-04-02T08:19:46+00:00","dateModified":"2024-07-03T11:06:19+00:00","breadcrumb":{"@id":"https:\/\/boutiquetranslations.com\/it\/privacy-policy\/#breadcrumb"},"inLanguage":"it-IT","potentialAction":[{"@type":"ReadAction","target":["https:\/\/boutiquetranslations.com\/it\/privacy-policy\/"]}]},{"@type":"BreadcrumbList","@id":"https:\/\/boutiquetranslations.com\/it\/privacy-policy\/#breadcrumb","itemListElement":[{"@type":"ListItem","position":1,"name":"Home","item":"https:\/\/boutiquetranslations.com\/it\/"},{"@type":"ListItem","position":2,"name":"Privacy Policy"}]},{"@type":"WebSite","@id":"https:\/\/boutiquetranslations.com\/it\/#website","url":"https:\/\/boutiquetranslations.com\/it\/","name":"Boutique Translations","description":"Translation Project Management","potentialAction":[{"@type":"SearchAction","target":{"@type":"EntryPoint","urlTemplate":"https:\/\/boutiquetranslations.com\/it\/?s={search_term_string}"},"query-input":{"@type":"PropertyValueSpecification","valueRequired":true,"valueName":"search_term_string"}}],"inLanguage":"it-IT"}]}},"_links":{"self":[{"href":"https:\/\/boutiquetranslations.com\/it\/wp-json\/wp\/v2\/pages\/2406","targetHints":{"allow":["GET"]}}],"collection":[{"href":"https:\/\/boutiquetranslations.com\/it\/wp-json\/wp\/v2\/pages"}],"about":[{"href":"https:\/\/boutiquetranslations.com\/it\/wp-json\/wp\/v2\/types\/page"}],"author":[{"embeddable":true,"href":"https:\/\/boutiquetranslations.com\/it\/wp-json\/wp\/v2\/users\/2"}],"replies":[{"embeddable":true,"href":"https:\/\/boutiquetranslations.com\/it\/wp-json\/wp\/v2\/comments?post=2406"}],"version-history":[{"count":3,"href":"https:\/\/boutiquetranslations.com\/it\/wp-json\/wp\/v2\/pages\/2406\/revisions"}],"predecessor-version":[{"id":2412,"href":"https:\/\/boutiquetranslations.com\/it\/wp-json\/wp\/v2\/pages\/2406\/revisions\/2412"}],"wp:attachment":[{"href":"https:\/\/boutiquetranslations.com\/it\/wp-json\/wp\/v2\/media?parent=2406"}],"curies":[{"name":"wp","href":"https:\/\/api.w.org\/{rel}","templated":true}]}}